{"id":1506,"date":"2020-10-28T17:22:17","date_gmt":"2020-10-28T16:22:17","guid":{"rendered":"http:\/\/low-speed.de\/?page_id=1506"},"modified":"2020-10-28T17:25:46","modified_gmt":"2020-10-28T16:25:46","slug":"technische-details","status":"publish","type":"page","link":"http:\/\/low-speed.de\/en\/unser-hunk\/technische-details\/","title":{"rendered":"Technische Details"},"content":{"rendered":"<h4>Fahrzeug<\/h4>\n\n\n\n<ul><li>Baujahr: 1978<\/li><li>Fahrzeugtyp: MAN KAT 1 (5 T MIL GLW)<\/li><li>zul. Gesamtgewicht: 15,6 t<\/li><li>akt. Gewicht (reisefertig, alle Tanks voll): 14 t (vorne 6 t, hinten 8 t)<\/li><li>L\u00e4nge: 8,7 m (9,4 m mit Hecktr\u00e4ger)<\/li><li>Breite: 2,5 m<\/li><li>H\u00f6he (mit Kontainer): 3,96 m<\/li><li>Hubraum: 12 Liter<\/li><li>Zylinder: 8<\/li><li>Luftgek\u00fchlter Deutz-Motor<\/li><li>Allrad-Antrieb<\/li><li>Differentialsperren (hinten, mittig)<\/li><li>hydraulische Seilwinde 6t<\/li><li>Kameras nach hinten, vorne (H\u00f6henkontrolle) und rechts (toter Winkel)<\/li><li>Separat schaltbare Au\u00dfenbeleuchtung (links, rechts, hinten, vorne)<\/li><li>Vorne separat schaltbarer Zusatzscheinwerfer Lazer Lamps LED-Scheinwerfer T24 (262W, 24816 Lumen)<\/li><li>Astabweiser zum Schutz des Wohncontainers und der Photovoltaik<\/li><li>Diesel: Ein Haupt- und drei Zusatztanks. Gesamtvolumen ca. 900 Liter<\/li><li>Halterung f\u00fcr 4 Sandbleche<\/li><li>3 gro\u00dfe Stauf\u00e4cher unter Pritsche (ein Originaler und zwei selbst gebaute)<\/li><li>1 Kasten f\u00fcr Gasflasche (11 kg) unter Pritsche<\/li><\/ul>\n\n\n\n<p><strong><br><\/strong><\/p>\n\n\n\n<h4><strong>Ausstattung Wohncontainer<\/strong><\/h4>\n\n\n\n<ul><li>Ausziehbare Seitenterasse mit Gel\u00e4ndern<\/li><li>Dachterrasse mit aufstellbaren Gel\u00e4ndern<\/li><li>Kederschiene f\u00fcr Sonnensegel \u00fcber Seitenterrasse<\/li><li>\u00d6sen f\u00fcr 2 H\u00e4ngematten unter Seitenterrasse<\/li><li>Ausziehbare 7-stufige leichte Alu-Treppe<\/li><li>elektrisch absenkbarer Hecktr\u00e4ger ausgelegt f\u00fcr ein leichtes Motorrad (150kg)<\/li><li>Gro\u00dfes am Heck von au\u00dfen zug\u00e4ngliches Staufach f\u00fcr B\u00e4nke, Tische, Grill, usw.<\/li><li>Doppelfl\u00fcgelige Eingangst\u00fcr (140&#215;200 cm) mit 3-facher Verriegelung und 2-stufiger Au\u00dfenbeleuchtung<\/li><li>Dometic Ausstellfenster isoliert<\/li><li>W\u00e4rmed\u00e4mmung aus 4 cm Styropor<\/li><li>2x 2kW Diesel-Luftheizung mit Luftausl\u00e4ssen neben Bett, in K\u00fcche, im Bad und in Sitzecke<\/li><li>Festes Bett mit Lattenrost (140x200cm)<\/li><li>Sitzecke mit verschiebbarem Tisch und Platz f\u00fcr 4 Personen<\/li><li>Sitzecke auch umbaubar zu Bett (110&#215;200 cm)<\/li><li>Dimmbare warmwei\u00dfe LED-Beleuchtung<\/li><li>K\u00fchl-Gefrierschrankkombi (H\u00f6he: 180 cm, Volumen: 270 Liter)<\/li><li>Mini-Backofen, elektrisch<\/li><li>Gro\u00dfes Sp\u00fclbecken in der K\u00fcchenzeile<\/li><li>3x Frischwassertanks: 470 Liter (Gesamtvolumen) mit F\u00fcllstandgebern. 350L und 40L unter dem Bett und 80L unter einer Sitzbank<\/li><li>Tragbares Bef\u00fcll-Filtersystem (Keramik und Aktivkohle) mit 4,5 bar (max. 4000 l\/h) Pumpe, 5m Ansaugschlauch und Grobvorfilter<\/li><li>Abwassertank: 180 Liter<\/li><li>Dometic Kassettentoilette 19 Liter + Zweitkassette in Halterung auf Hecktr\u00e4ger<\/li><li>SOG-Abluftsystem f\u00fcr chemikalienfreie Nutzung der Toilette<\/li><li>separate Dusche (80&#215;60 cm)<\/li><li>6 Liter Warmwasserboiler (Warmluft und elektrisch)<\/li><li>Anschluss f\u00fcr Au\u00dfendusche (warm\/ kalt)<\/li><li>Druckwasserpumpe Shurflo 7 Liter\/min max. 1,4 bar<\/li><li>Haushalts\u00fcbliche Wasserarmaturen<\/li><li>Keramikwaschbecken im Bad<\/li><li>600Wp Photovoltaik-Module auf dem Dach<\/li><li>Wechselrichter-Ladekombi 3kVA Dauerleistung auf 230V. Bei angeschlossenem \u201eLandstrom\u201c 70A Ladestrom zur Wohnbatterie (500Ah)<\/li><li>600W DC-DC-Wandler zum Nachladen der Wohnbatterie mit der Lichtmaschine (bisher deaktiviert weil immer genug Sonne da war)<\/li><li>Steckdosen f\u00fcr 230V \/ 12V in allen Ecken<\/li><li>LTE-WLAN-Router mit Au\u00dfenantenne<\/li><li>Rauchmelder (Funkvernetzt) in Fahrerhaus, Wohnraum und Elektroverteilung<\/li><li>CO-Melder in Wohnraum<\/li><\/ul>\n\n\n\n<p><a href=\"http:\/\/low-speed.de\/en\/unser-hunk\/\">Unser Hunk<\/a><\/p>\n\n\n\n<p><a href=\"http:\/\/low-speed.de\/en\/unser-hunk\/wie-kommt-man-auf-die-idee\/\">Wie kommt man auf diese Idee?<\/a><\/p>\n\n\n\n<p><a href=\"http:\/\/low-speed.de\/en\/unser-hunk\/hunk-die-bauphase\/\">Die Bauphase<\/a><\/p>","protected":false},"excerpt":{"rendered":"<p>Fahrzeug Baujahr: 1978 Fahrzeugtyp: MAN KAT 1 (5 T MIL GLW) zul. Gesamtgewicht: 15,6 t akt. Gewicht (reisefertig, alle Tanks voll): 14 t (vorne 6 t, hinten 8 t) L\u00e4nge: 8,7 m (9,4 m mit Hecktr\u00e4ger) Breite: 2,5 m H\u00f6he (mit Kontainer): 3,96 m Hubraum: 12 Liter Zylinder: 8 Luftgek\u00fchlter Deutz-Motor Allrad-Antrieb Differentialsperren (hinten, mittig) hydraulische Seilwinde 6t Kameras nach hinten, vorne (H\u00f6henkontrolle) und rechts&#46;&#46;&#46;<\/p>","protected":false},"author":1,"featured_media":0,"parent":94,"menu_order":0,"comment_status":"closed","ping_status":"closed","template":"","meta":[],"_links":{"self":[{"href":"http:\/\/low-speed.de\/en\/wp-json\/wp\/v2\/pages\/1506"}],"collection":[{"href":"http:\/\/low-speed.de\/en\/wp-json\/wp\/v2\/pages"}],"about":[{"href":"http:\/\/low-speed.de\/en\/wp-json\/wp\/v2\/types\/page"}],"author":[{"embeddable":true,"href":"http:\/\/low-speed.de\/en\/wp-json\/wp\/v2\/users\/1"}],"replies":[{"embeddable":true,"href":"http:\/\/low-speed.de\/en\/wp-json\/wp\/v2\/comments?post=1506"}],"version-history":[{"count":3,"href":"http:\/\/low-speed.de\/en\/wp-json\/wp\/v2\/pages\/1506\/revisions"}],"predecessor-version":[{"id":1721,"href":"http:\/\/low-speed.de\/en\/wp-json\/wp\/v2\/pages\/1506\/revisions\/1721"}],"up":[{"embeddable":true,"href":"http:\/\/low-speed.de\/en\/wp-json\/wp\/v2\/pages\/94"}],"wp:attachment":[{"href":"http:\/\/low-speed.de\/en\/wp-json\/wp\/v2\/media?parent=1506"}],"curies":[{"name":"wp","href":"https:\/\/api.w.org\/{rel}","templated":true}]}}