{"id":27,"date":"2019-12-30T19:07:24","date_gmt":"2019-12-30T19:07:24","guid":{"rendered":"http:\/\/low-speed.de\/?page_id=27"},"modified":"2020-10-21T09:23:54","modified_gmt":"2020-10-21T08:23:54","slug":"low-speed-uli-und-laura-unterwegs","status":"publish","type":"page","link":"http:\/\/low-speed.de\/en\/","title":{"rendered":"Welcome on our Blog"},"content":{"rendered":"<p>We, Laura and Uli, are finally also venturing out into the strange wide world. And as it is typically done these days, we also try to write down our experiences and impressions which we primarily want to share with our loved ones. We do not yet know how often or regularly we are going to upload texts and images. But it will probably not be every day;).<\/p>\n\n\n\n<p>If you are interested in our experiences and pictures, please take a look at our blog page \"Unser Reisetagebuch\". Here we will put all contributions in .....<\/p>\n\n\n\n<p>What is the best topic to start with on such a blog? Well, probably first of all how we want to to travel ... namely with our hunk. Our hunk is a retired oldtimer truck from the German Bundeswehr, which has been turned upside down by us in long and hard work sessions. For more details please read the section \"Unser Hunk\" ......<\/p>\n\n\n\n<p>What else should not be missing on a travel blog, of course, is the route planned previously on umpteen evenings, along which every reader can go through with more or less great (malicious) joy our actual tour history. Please go to the heading \"Travel planning\" \ud83d\ude09 <\/p>\n\n\n\n<p>Since we don't want to start endless blog discussions on our trip, we decided not to include the possibility of leaving comments on our blog. If interested people from the endless expanses of the Internet get lost on our site and have questions for us, we look forward to an email from you. For this, please refer to the \"Impressum\".<\/p>\n\n\n\n<div class=\"wp-block-image\"><figure class=\"aligncenter size-large is-resized\"><img loading=\"lazy\" src=\"http:\/\/low-speed.de\/wp-content\/uploads\/2020\/10\/20200725_192807b-1024x781.jpg\" alt=\"\" class=\"wp-image-1464\" width=\"338\" height=\"258\" srcset=\"http:\/\/low-speed.de\/wp-content\/uploads\/2020\/10\/20200725_192807b-1024x781.jpg 1024w, http:\/\/low-speed.de\/wp-content\/uploads\/2020\/10\/20200725_192807b-300x229.jpg 300w, http:\/\/low-speed.de\/wp-content\/uploads\/2020\/10\/20200725_192807b-768x585.jpg 768w, http:\/\/low-speed.de\/wp-content\/uploads\/2020\/10\/20200725_192807b-720x549.jpg 720w, http:\/\/low-speed.de\/wp-content\/uploads\/2020\/10\/20200725_192807b.jpg 1132w\" sizes=\"(max-width: 338px) 100vw, 338px\" \/><\/figure><\/div>","protected":false},"excerpt":{"rendered":"<p>Wir, also Laura und Uli, wagen uns nun endlich auch in die fremde weite Welt hinaus. Und wie es sich so geh\u00f6rt, versuchen auch wir unsere Erlebnisse, Impressionen und Erfahrungen aufzuschreiben und sie vorrangig mit unseren Liebsten zu teilen. Wie h\u00e4ufig bzw regelm\u00e4\u00dfig wir Texte und Bilder hochladen, wissen wir noch nicht. T\u00e4glich wird es wohl aber eher nicht werden \ud83d\ude09 Falls ihr an unseren&#46;&#46;&#46;<\/p>","protected":false},"author":2,"featured_media":0,"parent":0,"menu_order":1,"comment_status":"closed","ping_status":"closed","template":"","meta":[],"_links":{"self":[{"href":"http:\/\/low-speed.de\/en\/wp-json\/wp\/v2\/pages\/27"}],"collection":[{"href":"http:\/\/low-speed.de\/en\/wp-json\/wp\/v2\/pages"}],"about":[{"href":"http:\/\/low-speed.de\/en\/wp-json\/wp\/v2\/types\/page"}],"author":[{"embeddable":true,"href":"http:\/\/low-speed.de\/en\/wp-json\/wp\/v2\/users\/2"}],"replies":[{"embeddable":true,"href":"http:\/\/low-speed.de\/en\/wp-json\/wp\/v2\/comments?post=27"}],"version-history":[{"count":28,"href":"http:\/\/low-speed.de\/en\/wp-json\/wp\/v2\/pages\/27\/revisions"}],"predecessor-version":[{"id":1466,"href":"http:\/\/low-speed.de\/en\/wp-json\/wp\/v2\/pages\/27\/revisions\/1466"}],"wp:attachment":[{"href":"http:\/\/low-speed.de\/en\/wp-json\/wp\/v2\/media?parent=27"}],"curies":[{"name":"wp","href":"https:\/\/api.w.org\/{rel}","templated":true}]}}