{"id":94,"date":"2019-12-31T08:34:56","date_gmt":"2019-12-31T08:34:56","guid":{"rendered":"http:\/\/low-speed.de\/?page_id=94"},"modified":"2021-03-31T18:33:12","modified_gmt":"2021-03-31T17:33:12","slug":"unser-hunk","status":"publish","type":"page","link":"http:\/\/low-speed.de\/en\/unser-hunk\/","title":{"rendered":"Unser Hunk"},"content":{"rendered":"<h4> <strong>Fahrzeug-Steckbrief<\/strong>: <\/h4>\n\n\n\n<ul><li>Baujahr: 1978<\/li><li> Fahrzeugtyp: MAN KAT 1 (5 T MIL GLW) <\/li><li>zul. Gesamtgewicht: 15,6 t<\/li><li>akt. Gewicht (reisefertig, alle Tanks voll): 14 t (vorne 6 t, hinten 8 t)<\/li><li>L\u00e4nge:  8,7 m (9,4 m mit Hecktr\u00e4ger)<\/li><li>Breite: 2,5 m<\/li><li>H\u00f6he (mit Kontainer): 3,96 m<\/li><li>Hubraum: 12 Liter<\/li><li>Zylinder: 8<\/li><li>luftgek\u00fchlt, Allrad-Antrieb, Differentialsperren (hinten, mittig), Seilwinde<\/li><\/ul>\n\n\n\n<p><code><div class=\"rl-gallery-container rl-loading\" id=\"rl-gallery-container-1\" data-gallery_id=\"487\"> <div class=\"rl-gallery rl-basicmasonry-gallery rl-hover-effect-2\" id=\"rl-gallery-1\" data-gallery_no=\"1\"> <div class=\"rl-gutter-sizer\"><\/div><div class=\"rl-grid-sizer\"><\/div> <div class=\"rl-gallery-item rl-gallery-item-width-4\" > <div class=\"rl-gallery-item-content\"> <a href=\"http:\/\/low-speed.de\/wp-content\/uploads\/2020\/10\/P1020655_HDRa-scaled.jpg\" title=\"\" data-rl_title=\"\" class=\"rl-gallery-link\" data-rl_caption=\"\" data-rel=\"lightbox-gallery-1\"><img src=\"http:\/\/low-speed.de\/wp-content\/uploads\/2020\/10\/P1020655_HDRa-300x200.jpg\" width=\"300\" height=\"200\" \/><\/a> <\/div> <\/div> <div class=\"rl-gallery-item\" > <div class=\"rl-gallery-item-content\"> <a href=\"http:\/\/low-speed.de\/wp-content\/uploads\/2020\/10\/P1020604a-scaled.jpg\" title=\"\" data-rl_title=\"\" class=\"rl-gallery-link\" data-rl_caption=\"\" data-rel=\"lightbox-gallery-1\"><img src=\"http:\/\/low-speed.de\/wp-content\/uploads\/2020\/10\/P1020604a-300x200.jpg\" width=\"300\" height=\"200\" \/><\/a> <\/div> <\/div> <div class=\"rl-gallery-item\" > <div class=\"rl-gallery-item-content\"> <a href=\"http:\/\/low-speed.de\/wp-content\/uploads\/2020\/10\/P1020732a-scaled.jpg\" title=\"Das schwarze Schaf auf dem top gepflegten Stellplatz in Geisingen.\" data-rl_title=\"Das schwarze Schaf auf dem top gepflegten Stellplatz in Geisingen.\" class=\"rl-gallery-link\" data-rl_caption=\"\" data-rel=\"lightbox-gallery-1\"><img src=\"http:\/\/low-speed.de\/wp-content\/uploads\/2020\/10\/P1020732a-300x200.jpg\" width=\"300\" height=\"200\" \/><span class=\"rl-gallery-caption\"><span class=\"rl-gallery-item-title\">Das schwarze Schaf auf dem top gepflegten Stellplatz in Geisingen.<\/span><\/span><\/a> <\/div> <\/div> <div class=\"rl-gallery-item\" > <div class=\"rl-gallery-item-content\"> <a href=\"http:\/\/low-speed.de\/wp-content\/uploads\/2020\/10\/P1020852a-scaled.jpg\" title=\"\" data-rl_title=\"\" class=\"rl-gallery-link\" data-rl_caption=\"\" data-rel=\"lightbox-gallery-1\"><img src=\"http:\/\/low-speed.de\/wp-content\/uploads\/2020\/10\/P1020852a-300x200.jpg\" width=\"300\" height=\"200\" \/><\/a> <\/div> <\/div> <div class=\"rl-gallery-item\" > <div class=\"rl-gallery-item-content\"> <a href=\"http:\/\/low-speed.de\/wp-content\/uploads\/2020\/10\/P1020861a-scaled.jpg\" title=\"Seitenterrasse 1,6 x 5m. Gel\u00e4nder werden w\u00e4hrend der Fahrt vorne am Container verstaut.\" data-rl_title=\"Seitenterrasse 1,6 x 5m. Gel\u00e4nder werden w\u00e4hrend der Fahrt vorne am Container verstaut.\" class=\"rl-gallery-link\" data-rl_caption=\"\" data-rel=\"lightbox-gallery-1\"><img src=\"http:\/\/low-speed.de\/wp-content\/uploads\/2020\/10\/P1020861a-200x300.jpg\" width=\"200\" height=\"300\" \/><span class=\"rl-gallery-caption\"><span class=\"rl-gallery-item-title\">Seitenterrasse 1,6 x 5m. Gel\u00e4nder werden w\u00e4hrend der Fahrt vorne am Container verstaut.<\/span><\/span><\/a> <\/div> <\/div> <div class=\"rl-gallery-item\" > <div class=\"rl-gallery-item-content\"> <a href=\"http:\/\/low-speed.de\/wp-content\/uploads\/2020\/10\/IMG_5730a.jpg\" title=\"Zwei H\u00e4ngemattenpl\u00e4tze unterm Heck. Der Hintere, am Fahrradtr\u00e4ger, sogar elektrisch h\u00f6henverstellbar :)\" data-rl_title=\"Zwei H\u00e4ngemattenpl\u00e4tze unterm Heck. Der Hintere, am Fahrradtr\u00e4ger, sogar elektrisch h\u00f6henverstellbar :)\" class=\"rl-gallery-link\" data-rl_caption=\"\" data-rel=\"lightbox-gallery-1\"><img src=\"http:\/\/low-speed.de\/wp-content\/uploads\/2020\/10\/IMG_5730a-300x200.jpg\" width=\"300\" height=\"200\" \/><span class=\"rl-gallery-caption\"><span class=\"rl-gallery-item-title\">Zwei H\u00e4ngemattenpl\u00e4tze unterm Heck. Der Hintere, am Fahrradtr\u00e4ger, sogar elektrisch h\u00f6henverstellbar :)<\/span><\/span><\/a> <\/div> <\/div> <div class=\"rl-gallery-item\" > <div class=\"rl-gallery-item-content\"> <a href=\"http:\/\/low-speed.de\/wp-content\/uploads\/2020\/10\/HUNKdacha.jpg\" title=\"Rutschfeste Dachbeschichtung aus Kustharz und Sand. PV-Module mit Half-Couplern an Gel\u00e4ndern befestigt. Zuleitungen H07RN-F und ausreichend lang. Somit einfacher Umbau zu Dachterrasse mit nach au\u00dfen geh\u00e4ngten PV-Modulen m\u00f6glich.\" data-rl_title=\"Rutschfeste Dachbeschichtung aus Kustharz und Sand. PV-Module mit Half-Couplern an Gel\u00e4ndern befestigt. Zuleitungen H07RN-F und ausreichend lang. Somit einfacher Umbau zu Dachterrasse mit nach au\u00dfen geh\u00e4ngten PV-Modulen m\u00f6glich.\" class=\"rl-gallery-link\" data-rl_caption=\"\" data-rel=\"lightbox-gallery-1\"><img src=\"http:\/\/low-speed.de\/wp-content\/uploads\/2020\/10\/HUNKdacha-300x169.jpg\" width=\"300\" height=\"169\" \/><span class=\"rl-gallery-caption\"><span class=\"rl-gallery-item-title\">Rutschfeste Dachbeschichtung aus Kustharz und Sand. PV-Module mit Half-Couplern an Gel\u00e4ndern befestigt. Zuleitungen H07RN-F und ausreichend lang. Somit einfacher Umbau zu Dachterrasse mit nach au\u00dfen geh\u00e4ngten PV-Modulen m\u00f6glich.<\/span><\/span><\/a> <\/div> <\/div> <div class=\"rl-gallery-item\" > <div class=\"rl-gallery-item-content\"> <a href=\"http:\/\/low-speed.de\/wp-content\/uploads\/2020\/10\/20200130_171511a-scaled.jpg\" title=\"Eingeschobene Treppe und Halterung f\u00fcr 4 Sandbleche (solange sie sch\u00f6n gerade sind) darunter.\" data-rl_title=\"Eingeschobene Treppe und Halterung f\u00fcr 4 Sandbleche (solange sie sch\u00f6n gerade sind) darunter.\" class=\"rl-gallery-link\" data-rl_caption=\"\" data-rel=\"lightbox-gallery-1\"><img src=\"http:\/\/low-speed.de\/wp-content\/uploads\/2020\/10\/20200130_171511a-300x225.jpg\" width=\"300\" height=\"225\" \/><span class=\"rl-gallery-caption\"><span class=\"rl-gallery-item-title\">Eingeschobene Treppe und Halterung f\u00fcr 4 Sandbleche (solange sie sch\u00f6n gerade sind) darunter.<\/span><\/span><\/a> <\/div> <\/div> <div class=\"rl-gallery-item\" > <div class=\"rl-gallery-item-content\"> <a href=\"http:\/\/low-speed.de\/wp-content\/uploads\/2020\/10\/20200130_171351a-scaled.jpg\" title=\"Platz f\u00fcr Stauraum maximal nutzen\" data-rl_title=\"Platz f\u00fcr Stauraum maximal nutzen\" class=\"rl-gallery-link\" data-rl_caption=\"\" data-rel=\"lightbox-gallery-1\"><img src=\"http:\/\/low-speed.de\/wp-content\/uploads\/2020\/10\/20200130_171351a-300x225.jpg\" width=\"300\" height=\"225\" \/><span class=\"rl-gallery-caption\"><span class=\"rl-gallery-item-title\">Platz f\u00fcr Stauraum maximal nutzen<\/span><\/span><\/a> <\/div> <\/div> <div class=\"rl-gallery-item\" > <div class=\"rl-gallery-item-content\"> <a href=\"http:\/\/low-speed.de\/wp-content\/uploads\/2019\/12\/20190621_110303-scaled.jpg\" title=\"Dachterrasse\" data-rl_title=\"Dachterrasse\" class=\"rl-gallery-link\" data-rl_caption=\"\" data-rel=\"lightbox-gallery-1\"><img src=\"http:\/\/low-speed.de\/wp-content\/uploads\/2019\/12\/20190621_110303-300x169.jpg\" width=\"300\" height=\"169\" \/><span class=\"rl-gallery-caption\"><span class=\"rl-gallery-item-title\">Dachterrasse<\/span><\/span><\/a> <\/div> <\/div> <div class=\"rl-gallery-item\" > <div class=\"rl-gallery-item-content\"> <a href=\"http:\/\/low-speed.de\/wp-content\/uploads\/2020\/01\/20190831_102338-scaled-e1603281607493.jpg\" title=\"Fahrradtr\u00e4ger eingeklapt. Auf dem Bild noch ohne Radschienen, Zurr\u00f6sen und Kassettenhalterung\" data-rl_title=\"Fahrradtr\u00e4ger eingeklapt. Auf dem Bild noch ohne Radschienen, Zurr\u00f6sen und Kassettenhalterung\" class=\"rl-gallery-link\" data-rl_caption=\"\" data-rel=\"lightbox-gallery-1\"><img src=\"http:\/\/low-speed.de\/wp-content\/uploads\/2020\/01\/20190831_102338-scaled-e1603281607493-300x289.jpg\" width=\"300\" height=\"289\" \/><span class=\"rl-gallery-caption\"><span class=\"rl-gallery-item-title\">Fahrradtr\u00e4ger eingeklapt. Auf dem Bild noch ohne Radschienen, Zurr\u00f6sen und Kassettenhalterung<\/span><\/span><\/a> <\/div> <\/div> <div class=\"rl-gallery-item\" > <div class=\"rl-gallery-item-content\"> <a href=\"http:\/\/low-speed.de\/wp-content\/uploads\/2020\/10\/20201021_163006a-scaled.jpg\" title=\"Hecktr\u00e4ger elektrisch absenkbar. Sollte auch f\u00fcr leichtes Motorrad geeignet sein. Seitlich abgedeckt die Ersatzkassette f\u00fcrs WC.\" data-rl_title=\"Hecktr\u00e4ger elektrisch absenkbar. Sollte auch f\u00fcr leichtes Motorrad geeignet sein. Seitlich abgedeckt die Ersatzkassette f\u00fcrs WC.\" class=\"rl-gallery-link\" data-rl_caption=\"\" data-rel=\"lightbox-gallery-1\"><img src=\"http:\/\/low-speed.de\/wp-content\/uploads\/2020\/10\/20201021_163006a-169x300.jpg\" width=\"169\" height=\"300\" \/><span class=\"rl-gallery-caption\"><span class=\"rl-gallery-item-title\">Hecktr\u00e4ger elektrisch absenkbar. Sollte auch f\u00fcr leichtes Motorrad geeignet sein. Seitlich abgedeckt die Ersatzkassette f\u00fcrs WC.<\/span><\/span><\/a> <\/div> <\/div> <div class=\"rl-gallery-item\" > <div class=\"rl-gallery-item-content\"> <a href=\"http:\/\/low-speed.de\/wp-content\/uploads\/2020\/10\/IMG_9560-IMG_9565_HDRa-scaled.jpg\" title=\"Au\u00dfenbeleuchtung auf vier Seiten getrennt schaltbar\" data-rl_title=\"Au\u00dfenbeleuchtung auf vier Seiten getrennt schaltbar\" class=\"rl-gallery-link\" data-rl_caption=\"\" data-rel=\"lightbox-gallery-1\"><img src=\"http:\/\/low-speed.de\/wp-content\/uploads\/2020\/10\/IMG_9560-IMG_9565_HDRa-300x200.jpg\" width=\"300\" height=\"200\" \/><span class=\"rl-gallery-caption\"><span class=\"rl-gallery-item-title\">Au\u00dfenbeleuchtung auf vier Seiten getrennt schaltbar<\/span><\/span><\/a> <\/div> <\/div> <div class=\"rl-gallery-item\" > <div class=\"rl-gallery-item-content\"> <a href=\"http:\/\/low-speed.de\/wp-content\/uploads\/2020\/10\/IMG_9551-IMG_9559_HDRa-scaled.jpg\" title=\"Au\u00dfenbeleuchtung auf vier Seiten getrennt schaltbar\" data-rl_title=\"Au\u00dfenbeleuchtung auf vier Seiten getrennt schaltbar\" class=\"rl-gallery-link\" data-rl_caption=\"\" data-rel=\"lightbox-gallery-1\"><img src=\"http:\/\/low-speed.de\/wp-content\/uploads\/2020\/10\/IMG_9551-IMG_9559_HDRa-300x200.jpg\" width=\"300\" height=\"200\" \/><span class=\"rl-gallery-caption\"><span class=\"rl-gallery-item-title\">Au\u00dfenbeleuchtung auf vier Seiten getrennt schaltbar<\/span><\/span><\/a> <\/div> <\/div> <\/div> <div class=\"rl-gallery-description\"><\/div> <\/div><\/code><\/p>\n\n\n\n<p><strong>Wir packen unsere Koffer und nehmen mit &#8230;<\/strong><\/p>\n\n\n\n<ul><li>Frischwasser:   470 Liter <em> &#8211;  f\u00fcr unseren t\u00e4glichen Hygienewahn<\/em><\/li><li>Abwasser:   180 Liter  <em>&#8211;  f\u00fcr das Auffangen unseres Konsums<\/em><\/li><li>Kraftstoff:   900 Liter  <em>&#8211;  f\u00fcr das Vorankommen in der tiefsten Wildniss !!!<\/em><\/li><li> K\u00fchl-Gefrierschrankkombi   <em>&#8211;   f\u00fcr den kleinen Hunger zwischendurch<\/em> <\/li><li>Toilettenkassette (2x):   19 Liter  <em> &#8211;   f\u00fcr den Abgang danach<\/em><\/li><li>600 W Photovoltaik-Anlage auf dem Dach <em> &#8211;  f\u00fcr das Anzapfen der Sonne <\/em><\/li><li>1x Seitenterasse<em>  &#8211;  f\u00fcr das gelegentliche Herausgehen aus den eigenen 4-W\u00e4nden <\/em><\/li><li>1x Dachterasse <em> &#8211; f\u00fcr den kleinen H\u00f6henflug zwischendurch<\/em><\/li><li>2x Fahrr\u00e4der  <em>&#8211;  f\u00fcr all die kleinen G\u00e4sschen, wo es f\u00fcr den Gro\u00dfen gilt &lt;&lt; kommst hier net rein &gt;&gt;  <\/em><\/li><li>2x H\u00e4ngematten   <em>&#8211;  f\u00fcr ein enstpanntes Abh\u00e4ngen zwischendurch<\/em><\/li><li>1x Sonnensegel  <em> &#8211;   f\u00fcr eine blasse Hautfarbe<\/em><\/li><li>2x Hebekissen\/ 4x Sandbleche   <em>&#8211;   f\u00fcr das Festfahren zwischendrin<\/em><\/li><li>1x Ersatzreifen  <em>&#8211;  f\u00fcr unvorhergesehene Kieselsteinchen<\/em><\/li><li>allerlei Werkzeugs  <em>&#8211;  f\u00fcr die Wehwehchen des Gro\u00dfen<\/em><\/li><li>Reiseapotheke  <em>&#8211;   f\u00fcr die Wehwehchen der Kleinen<\/em><\/li><li>1x Bierbank-Garnitur  <em>&#8211;  f\u00fcr das gelegentliche Candlelight-Dinner zu 2<\/em><\/li><li>1x Mini-Backofen  <em>&#8211;  f\u00fcr die Gourmetpizza zwischendurch<\/em><\/li><li>2x Keramikfilter\/ 2x Aktivkohleadsorberkartuschen  &#8211; <em> f\u00fcr <\/em>unser Wohlbefinden in den eigenen 4 W\u00e4nden<\/li><li>1x Wasserpumpe <em>&#8211; f\u00fcr das Anzapfen von Wasserstellen<\/em><\/li><\/ul>\n\n\n\n<p><em>Also ihr seht, alles in allem haben wir uns sehr auf das N\u00f6tigste, was man auf so einer Reise braucht, beschr\u00e4nkt !!!<\/em>  \ud83d\ude09<\/p>\n\n\n\n<p><strong>Aber was machen wir nun, wenn wir miesen Ungeheuern und fiesen Monstern am Wegesrand begegnen? &#8230;&#8230;. na klar, wir hupen sie einfach in die Flucht !!!<\/strong><\/p>\n\n\n\n<figure class=\"wp-block-embed-youtube wp-block-embed is-type-video is-provider-youtube wp-embed-aspect-16-9 wp-has-aspect-ratio\"><div class=\"wp-block-embed__wrapper\">\n<div class=\"video-container\"><iframe loading=\"lazy\" title=\"Hupen-Test\" width=\"740\" height=\"416\" src=\"https:\/\/www.youtube.com\/embed\/hNhGprtEt5Y?feature=oembed\" frameborder=\"0\" allow=\"accelerometer; autoplay; clipboard-write; encrypted-media; gyroscope; picture-in-picture\" allowfullscreen><\/iframe><\/div>\n<\/div><\/figure>\n\n\n\n<p><code><div class=\"rl-gallery-container rl-loading\" id=\"rl-gallery-container-2\" data-gallery_id=\"265\"> <div class=\"rl-gallery rl-basicmasonry-gallery\" id=\"rl-gallery-2\" data-gallery_no=\"2\"> <div class=\"rl-gutter-sizer\"><\/div><div class=\"rl-grid-sizer\"><\/div> <div class=\"rl-gallery-item rl-gallery-item-width-4\" > <div class=\"rl-gallery-item-content\"> <a href=\"http:\/\/low-speed.de\/wp-content\/uploads\/2020\/10\/IMG_5663a.jpg\" title=\"\" data-rl_title=\"\" class=\"rl-gallery-link\" data-rl_caption=\"\" data-rel=\"lightbox-gallery-2\"><img src=\"http:\/\/low-speed.de\/wp-content\/uploads\/2020\/10\/IMG_5663a.jpg\" width=\"2400\" height=\"1600\" \/><\/a> <\/div> <\/div> <div class=\"rl-gallery-item\" > <div class=\"rl-gallery-item-content\"> <a href=\"http:\/\/low-speed.de\/wp-content\/uploads\/2020\/10\/IMG_5700a.jpg\" title=\"\" data-rl_title=\"\" class=\"rl-gallery-link\" data-rl_caption=\"\" data-rel=\"lightbox-gallery-2\"><img src=\"http:\/\/low-speed.de\/wp-content\/uploads\/2020\/10\/IMG_5700a.jpg\" width=\"2400\" height=\"1600\" \/><\/a> <\/div> <\/div> <div class=\"rl-gallery-item\" > <div class=\"rl-gallery-item-content\"> <a href=\"http:\/\/low-speed.de\/wp-content\/uploads\/2020\/10\/IMG_5681a.jpg\" title=\"\" data-rl_title=\"\" class=\"rl-gallery-link\" data-rl_caption=\"\" data-rel=\"lightbox-gallery-2\"><img src=\"http:\/\/low-speed.de\/wp-content\/uploads\/2020\/10\/IMG_5681a.jpg\" width=\"2400\" height=\"1600\" \/><\/a> <\/div> <\/div> <div class=\"rl-gallery-item\" > <div class=\"rl-gallery-item-content\"> <a href=\"http:\/\/low-speed.de\/wp-content\/uploads\/2020\/10\/IMG_5694a.jpg\" title=\"\" data-rl_title=\"\" class=\"rl-gallery-link\" data-rl_caption=\"\" data-rel=\"lightbox-gallery-2\"><img src=\"http:\/\/low-speed.de\/wp-content\/uploads\/2020\/10\/IMG_5694a.jpg\" width=\"2400\" height=\"1600\" \/><\/a> <\/div> <\/div> <div class=\"rl-gallery-item\" > <div class=\"rl-gallery-item-content\"> <a href=\"http:\/\/low-speed.de\/wp-content\/uploads\/2020\/10\/IMG_5712a.jpg\" title=\"\" data-rl_title=\"\" class=\"rl-gallery-link\" data-rl_caption=\"\" data-rel=\"lightbox-gallery-2\"><img src=\"http:\/\/low-speed.de\/wp-content\/uploads\/2020\/10\/IMG_5712a.jpg\" width=\"2400\" height=\"1600\" \/><\/a> <\/div> <\/div> <div class=\"rl-gallery-item\" > <div class=\"rl-gallery-item-content\"> <a href=\"http:\/\/low-speed.de\/wp-content\/uploads\/2020\/10\/IMG_5726a.jpg\" title=\"\" data-rl_title=\"\" class=\"rl-gallery-link\" data-rl_caption=\"\" data-rel=\"lightbox-gallery-2\"><img src=\"http:\/\/low-speed.de\/wp-content\/uploads\/2020\/10\/IMG_5726a.jpg\" width=\"1600\" height=\"2400\" \/><\/a> <\/div> <\/div> <\/div> <\/div><\/code><\/p>\n\n\n\n<p><\/p>\n\n\n\n<p>F\u00fcr die die es ganz genau wissen wollen hier noch eine ausf\u00fchrlichere Auflistung der Austattung: <a href=\"http:\/\/low-speed.de\/en\/technische-details\/\">Technische Details<\/a><\/p>\n\n\n\n<p><a href=\"http:\/\/low-speed.de\/en\/unser-hunk\/wie-kommt-man-auf-die-idee\/\">Wie kommt man auf diese Idee?<\/a><\/p>\n\n\n\n<p><a href=\"http:\/\/low-speed.de\/en\/unser-hunk\/hunk-die-bauphase\/\">Die Bauphase<\/a><\/p>","protected":false},"excerpt":{"rendered":"<p>Fahrzeug-Steckbrief: Baujahr: 1978 Fahrzeugtyp: MAN KAT 1 (5 T MIL GLW) zul. Gesamtgewicht: 15,6 t akt. Gewicht (reisefertig, alle Tanks voll): 14 t (vorne 6 t, hinten 8 t) L\u00e4nge: 8,7 m (9,4 m mit Hecktr\u00e4ger) Breite: 2,5 m H\u00f6he (mit Kontainer): 3,96 m Hubraum: 12 Liter Zylinder: 8 luftgek\u00fchlt, Allrad-Antrieb, Differentialsperren (hinten, mittig), Seilwinde Wir packen unsere Koffer und nehmen mit &#8230; Frischwasser: 470&#46;&#46;&#46;<\/p>","protected":false},"author":2,"featured_media":0,"parent":0,"menu_order":0,"comment_status":"closed","ping_status":"closed","template":"","meta":[],"_links":{"self":[{"href":"http:\/\/low-speed.de\/en\/wp-json\/wp\/v2\/pages\/94"}],"collection":[{"href":"http:\/\/low-speed.de\/en\/wp-json\/wp\/v2\/pages"}],"about":[{"href":"http:\/\/low-speed.de\/en\/wp-json\/wp\/v2\/types\/page"}],"author":[{"embeddable":true,"href":"http:\/\/low-speed.de\/en\/wp-json\/wp\/v2\/users\/2"}],"replies":[{"embeddable":true,"href":"http:\/\/low-speed.de\/en\/wp-json\/wp\/v2\/comments?post=94"}],"version-history":[{"count":67,"href":"http:\/\/low-speed.de\/en\/wp-json\/wp\/v2\/pages\/94\/revisions"}],"predecessor-version":[{"id":2241,"href":"http:\/\/low-speed.de\/en\/wp-json\/wp\/v2\/pages\/94\/revisions\/2241"}],"wp:attachment":[{"href":"http:\/\/low-speed.de\/en\/wp-json\/wp\/v2\/media?parent=94"}],"curies":[{"name":"wp","href":"https:\/\/api.w.org\/{rel}","templated":true}]}}