{"id":143,"date":"2020-01-02T09:15:09","date_gmt":"2020-01-02T09:15:09","guid":{"rendered":"http:\/\/low-speed.de\/?page_id=143"},"modified":"2020-01-02T09:29:27","modified_gmt":"2020-01-02T09:29:27","slug":"test","status":"publish","type":"page","link":"https:\/\/low-speed.de\/en\/test\/","title":{"rendered":"Test"},"content":{"rendered":"<p>jkdjklsdjlksjd\u00f6lkdj\u00f6ljklj\u00f6lavkjfLKJS\u00d6LKCMASLKXCMLKSJD\u00d6KLSFNHJ\u00d6LF\u00d6LAnf\u00d6KLND\u00d6Lkjf\u00f6lKJDLAKdjALKDSAKLMLKXKLDJSALDMKXM:;ASJAKDJadsadiiiiiiiiiiiiiiiiiiiiiiiiiiiiiiiiiiiiiiiiiiiiiiiiiiiiiiiiiiiiiii<\/p>","protected":false},"excerpt":{"rendered":"<p>jkdjklsdjlksjd\u00f6lkdj\u00f6ljklj\u00f6lavkjfLKJS\u00d6LKCMASLKXCMLKSJD\u00d6KLSFNHJ\u00d6LF\u00d6LAnf\u00d6KLND\u00d6Lkjf\u00f6lKJDLAKdjALKDSAKLMLKXKLDJSALDMKXM:;ASJAKDJadsadiiiiiiiiiiiiiiiiiiiiiiiiiiiiiiiiiiiiiiiiiiiiiiiiiiiiiiiiiiiiiii<\/p>","protected":false},"author":2,"featured_media":0,"parent":0,"menu_order":0,"comment_status":"closed","ping_status":"closed","template":"","meta":[],"_links":{"self":[{"href":"https:\/\/low-speed.de\/en\/wp-json\/wp\/v2\/pages\/143"}],"collection":[{"href":"https:\/\/low-speed.de\/en\/wp-json\/wp\/v2\/pages"}],"about":[{"href":"https:\/\/low-speed.de\/en\/wp-json\/wp\/v2\/types\/page"}],"author":[{"embeddable":true,"href":"https:\/\/low-speed.de\/en\/wp-json\/wp\/v2\/users\/2"}],"replies":[{"embeddable":true,"href":"https:\/\/low-speed.de\/en\/wp-json\/wp\/v2\/comments?post=143"}],"version-history":[{"count":2,"href":"https:\/\/low-speed.de\/en\/wp-json\/wp\/v2\/pages\/143\/revisions"}],"predecessor-version":[{"id":684,"href":"https:\/\/low-speed.de\/en\/wp-json\/wp\/v2\/pages\/143\/revisions\/684"}],"wp:attachment":[{"href":"https:\/\/low-speed.de\/en\/wp-json\/wp\/v2\/media?parent=143"}],"curies":[{"name":"wp","href":"https:\/\/api.w.org\/{rel}","templated":true}]}}