{"id":1555,"date":"2020-10-28T11:59:56","date_gmt":"2020-10-28T10:59:56","guid":{"rendered":"http:\/\/low-speed.de\/?page_id=1555"},"modified":"2020-10-28T17:30:02","modified_gmt":"2020-10-28T16:30:02","slug":"fahrzeug","status":"publish","type":"page","link":"https:\/\/low-speed.de\/en\/unser-hunk\/hunk-die-bauphase\/fahrzeug\/","title":{"rendered":"Fahrzeug"},"content":{"rendered":"<p>Am Anfang war nur dieser kleine gr\u00fcne LKW mit ein paar Roststellen. Ein, zwei Wochenenden waren geplant um diese zu beseitigen, deutlich l\u00e4nger hat es gedauert. Was man auf den Bilder nicht sieht, auch an einigen Stellen am Hauptrahmen gab es Rost. Vor allem da wo die Federhalterungen angeschwei\u00dft sind. Diese wurden mit Drahtb\u00fcrste usw entrostet. Danach &#8222;Rostumwandler&#8220; f\u00fcr den letzten Rest. Dann alles wieder grundiert, lackiert und mit Wachs versiegelt. Auch die Wanne der Standheizung zum Radkasten hin hatte ein gro\u00dfes Loch das dann mit Blech wieder abgedichtet wurde. Fummelige Angelegenheit.<\/p>\n\n\n\n<p><code><div class=\"rl-gallery-container rl-loading\" id=\"rl-gallery-container-1\" data-gallery_id=\"1701\"> <div class=\"rl-gallery-description\"><\/div> <div class=\"rl-gallery rl-basicmasonry-gallery rl-hover-effect-2\" id=\"rl-gallery-1\" data-gallery_no=\"1\"> <div class=\"rl-gutter-sizer\"><\/div><div class=\"rl-grid-sizer\"><\/div> <div class=\"rl-gallery-item rl-gallery-item-width-4\" > <div class=\"rl-gallery-item-content\"> <a href=\"https:\/\/low-speed.de\/wp-content\/uploads\/2020\/10\/001_20170415_102954a.jpg\" title=\"So fing alles an. Nur ein paar rostige Stellen und ein defektes R\u00fccklicht\" data-rl_title=\"So fing alles an. Nur ein paar rostige Stellen und ein defektes R\u00fccklicht\" class=\"rl-gallery-link\" data-rl_caption=\"\" data-rel=\"lightbox-gallery-1\"><img src=\"https:\/\/low-speed.de\/wp-content\/uploads\/2020\/10\/001_20170415_102954a-300x223.jpg\" width=\"300\" height=\"223\" \/><span class=\"rl-gallery-caption\"><span class=\"rl-gallery-item-title\">So fing alles an. Nur ein paar rostige Stellen und ein defektes R\u00fccklicht<\/span><\/span><\/a> <\/div> <\/div> <div class=\"rl-gallery-item\" > <div class=\"rl-gallery-item-content\"> <a href=\"https:\/\/low-speed.de\/wp-content\/uploads\/2020\/10\/002_20170501_141115a-scaled.jpg\" title=\"Lieber mal alles anschauen\" data-rl_title=\"Lieber mal alles anschauen\" class=\"rl-gallery-link\" data-rl_caption=\"\" data-rel=\"lightbox-gallery-1\"><img src=\"https:\/\/low-speed.de\/wp-content\/uploads\/2020\/10\/002_20170501_141115a-225x300.jpg\" width=\"225\" height=\"300\" \/><span class=\"rl-gallery-caption\"><span class=\"rl-gallery-item-title\">Lieber mal alles anschauen<\/span><\/span><\/a> <\/div> <\/div> <div class=\"rl-gallery-item\" > <div class=\"rl-gallery-item-content\"> <a href=\"https:\/\/low-speed.de\/wp-content\/uploads\/2020\/10\/003_20170417_183917a-scaled.jpg\" title=\"War doch etwas mehr Rost als gedacht\" data-rl_title=\"War doch etwas mehr Rost als gedacht\" class=\"rl-gallery-link\" data-rl_caption=\"\" data-rel=\"lightbox-gallery-1\"><img src=\"https:\/\/low-speed.de\/wp-content\/uploads\/2020\/10\/003_20170417_183917a-225x300.jpg\" width=\"225\" height=\"300\" \/><span class=\"rl-gallery-caption\"><span class=\"rl-gallery-item-title\">War doch etwas mehr Rost als gedacht<\/span><\/span><\/a> <\/div> <\/div> <div class=\"rl-gallery-item\" > <div class=\"rl-gallery-item-content\"> <a href=\"https:\/\/low-speed.de\/wp-content\/uploads\/2020\/10\/004_20170505_174833a-scaled.jpg\" title=\"Batteriekasten fast kopmplett zerschnitten und neu aufgebaut. Hohlr\u00e4ume mit Wachs versiegelt.\" data-rl_title=\"Batteriekasten fast kopmplett zerschnitten und neu aufgebaut. Hohlr\u00e4ume mit Wachs versiegelt.\" class=\"rl-gallery-link\" data-rl_caption=\"\" data-rel=\"lightbox-gallery-1\"><img src=\"https:\/\/low-speed.de\/wp-content\/uploads\/2020\/10\/004_20170505_174833a-225x300.jpg\" width=\"225\" height=\"300\" \/><span class=\"rl-gallery-caption\"><span class=\"rl-gallery-item-title\">Batteriekasten fast kopmplett zerschnitten und neu aufgebaut. Hohlr\u00e4ume mit Wachs versiegelt.<\/span><\/span><\/a> <\/div> <\/div> <div class=\"rl-gallery-item\" > <div class=\"rl-gallery-item-content\"> <a href=\"https:\/\/low-speed.de\/wp-content\/uploads\/2020\/10\/005_20170507_171609a-scaled.jpg\" title=\"Frisch sandgestrahlt, lackiert und mit neuem Unterbodenschutz versehen\" data-rl_title=\"Frisch sandgestrahlt, lackiert und mit neuem Unterbodenschutz versehen\" class=\"rl-gallery-link\" data-rl_caption=\"\" data-rel=\"lightbox-gallery-1\"><img src=\"https:\/\/low-speed.de\/wp-content\/uploads\/2020\/10\/005_20170507_171609a-225x300.jpg\" width=\"225\" height=\"300\" \/><span class=\"rl-gallery-caption\"><span class=\"rl-gallery-item-title\">Frisch sandgestrahlt, lackiert und mit neuem Unterbodenschutz versehen<\/span><\/span><\/a> <\/div> <\/div> <div class=\"rl-gallery-item\" > <div class=\"rl-gallery-item-content\"> <a href=\"https:\/\/low-speed.de\/wp-content\/uploads\/2020\/10\/006_20170430_093702a-scaled.jpg\" title=\"Durchrostung an der Dachrinne\" data-rl_title=\"Durchrostung an der Dachrinne\" class=\"rl-gallery-link\" data-rl_caption=\"\" data-rel=\"lightbox-gallery-1\"><img src=\"https:\/\/low-speed.de\/wp-content\/uploads\/2020\/10\/006_20170430_093702a-300x225.jpg\" width=\"300\" height=\"225\" \/><span class=\"rl-gallery-caption\"><span class=\"rl-gallery-item-title\">Durchrostung an der Dachrinne<\/span><\/span><\/a> <\/div> <\/div> <div class=\"rl-gallery-item\" > <div class=\"rl-gallery-item-content\"> <a href=\"https:\/\/low-speed.de\/wp-content\/uploads\/2020\/10\/007_20170501_143235a-scaled.jpg\" title=\"\" data-rl_title=\"\" class=\"rl-gallery-link\" data-rl_caption=\"\" data-rel=\"lightbox-gallery-1\"><img src=\"https:\/\/low-speed.de\/wp-content\/uploads\/2020\/10\/007_20170501_143235a-230x300.jpg\" width=\"230\" height=\"300\" \/><\/a> <\/div> <\/div> <div class=\"rl-gallery-item\" > <div class=\"rl-gallery-item-content\"> <a href=\"https:\/\/low-speed.de\/wp-content\/uploads\/2020\/10\/008_20170429_143743a-scaled.jpg\" title=\"Was auch immer das war ich denke es geh\u00f6rt da nicht ins Rohr. Sp\u00e4ter wurde da noch gro\u00dffl\u00e4chiger Blech ausgetauscht. Auf beiden Seiten des Fahrzeugs.\" data-rl_title=\"Was auch immer das war ich denke es geh\u00f6rt da nicht ins Rohr. Sp\u00e4ter wurde da noch gro\u00dffl\u00e4chiger Blech ausgetauscht. Auf beiden Seiten des Fahrzeugs.\" class=\"rl-gallery-link\" data-rl_caption=\"\" data-rel=\"lightbox-gallery-1\"><img src=\"https:\/\/low-speed.de\/wp-content\/uploads\/2020\/10\/008_20170429_143743a-300x225.jpg\" width=\"300\" height=\"225\" \/><span class=\"rl-gallery-caption\"><span class=\"rl-gallery-item-title\">Was auch immer das war ich denke es geh\u00f6rt da nicht ins Rohr. Sp\u00e4ter wurde da noch gro\u00dffl\u00e4chiger Blech ausgetauscht. Auf beiden Seiten des Fahrzeugs.<\/span><\/span><\/a> <\/div> <\/div> <div class=\"rl-gallery-item\" > <div class=\"rl-gallery-item-content\"> <a href=\"https:\/\/low-speed.de\/wp-content\/uploads\/2020\/10\/009_20170430_152834a.jpg\" title=\"Bei Regen lief hier Wasser ins Fahrerhaus\" data-rl_title=\"Bei Regen lief hier Wasser ins Fahrerhaus\" class=\"rl-gallery-link\" data-rl_caption=\"\" data-rel=\"lightbox-gallery-1\"><img src=\"https:\/\/low-speed.de\/wp-content\/uploads\/2020\/10\/009_20170430_152834a-242x300.jpg\" width=\"242\" height=\"300\" \/><span class=\"rl-gallery-caption\"><span class=\"rl-gallery-item-title\">Bei Regen lief hier Wasser ins Fahrerhaus<\/span><\/span><\/a> <\/div> <\/div> <div class=\"rl-gallery-item\" > <div class=\"rl-gallery-item-content\"> <a href=\"https:\/\/low-speed.de\/wp-content\/uploads\/2020\/10\/010_20170514_151634a.jpg\" title=\"Da hinter dien Stauf\u00e4chern auch der Auspuff der Standheizugn ist kann es nicht schaden dort Bleche ohne Rostl\u00f6cher zu haben\" data-rl_title=\"Da hinter dien Stauf\u00e4chern auch der Auspuff der Standheizugn ist kann es nicht schaden dort Bleche ohne Rostl\u00f6cher zu haben\" class=\"rl-gallery-link\" data-rl_caption=\"\" data-rel=\"lightbox-gallery-1\"><img src=\"https:\/\/low-speed.de\/wp-content\/uploads\/2020\/10\/010_20170514_151634a-300x290.jpg\" width=\"300\" height=\"290\" \/><span class=\"rl-gallery-caption\"><span class=\"rl-gallery-item-title\">Da hinter dien Stauf\u00e4chern auch der Auspuff der Standheizugn ist kann es nicht schaden dort Bleche ohne Rostl\u00f6cher zu haben<\/span><\/span><\/a> <\/div> <\/div> <div class=\"rl-gallery-item\" > <div class=\"rl-gallery-item-content\"> <a href=\"https:\/\/low-speed.de\/wp-content\/uploads\/2020\/10\/011_20170524_172433a-scaled.jpg\" title=\"Bei 60km\/h schaukelte es immer heftig. Also nach und nach immer ein Rad tauschen. Nat\u00fcrlich hatte das letzte die Unwucht. In der Felge, fanden wir sp\u00e4ter heraus.\" data-rl_title=\"Bei 60km\/h schaukelte es immer heftig. Also nach und nach immer ein Rad tauschen. Nat\u00fcrlich hatte das letzte die Unwucht. In der Felge, fanden wir sp\u00e4ter heraus.\" class=\"rl-gallery-link\" data-rl_caption=\"\" data-rel=\"lightbox-gallery-1\"><img src=\"https:\/\/low-speed.de\/wp-content\/uploads\/2020\/10\/011_20170524_172433a-225x300.jpg\" width=\"225\" height=\"300\" \/><span class=\"rl-gallery-caption\"><span class=\"rl-gallery-item-title\">Bei 60km\/h schaukelte es immer heftig. Also nach und nach immer ein Rad tauschen. Nat\u00fcrlich hatte das letzte die Unwucht. In der Felge, fanden wir sp\u00e4ter heraus.<\/span><\/span><\/a> <\/div> <\/div> <div class=\"rl-gallery-item\" > <div class=\"rl-gallery-item-content\"> <a href=\"https:\/\/low-speed.de\/wp-content\/uploads\/2020\/10\/012_20170513_101839a-scaled.jpg\" title=\"Anschleifen f\u00fcrs Lackieren\" data-rl_title=\"Anschleifen f\u00fcrs Lackieren\" class=\"rl-gallery-link\" data-rl_caption=\"\" data-rel=\"lightbox-gallery-1\"><img src=\"https:\/\/low-speed.de\/wp-content\/uploads\/2020\/10\/012_20170513_101839a-225x300.jpg\" width=\"225\" height=\"300\" \/><span class=\"rl-gallery-caption\"><span class=\"rl-gallery-item-title\">Anschleifen f\u00fcrs Lackieren<\/span><\/span><\/a> <\/div> <\/div> <div class=\"rl-gallery-item\" > <div class=\"rl-gallery-item-content\"> <a href=\"https:\/\/low-speed.de\/wp-content\/uploads\/2020\/10\/013_20170525_190629a-scaled.jpg\" title=\"Abkleben und Putzen\" data-rl_title=\"Abkleben und Putzen\" class=\"rl-gallery-link\" data-rl_caption=\"\" data-rel=\"lightbox-gallery-1\"><img src=\"https:\/\/low-speed.de\/wp-content\/uploads\/2020\/10\/013_20170525_190629a-225x300.jpg\" width=\"225\" height=\"300\" \/><span class=\"rl-gallery-caption\"><span class=\"rl-gallery-item-title\">Abkleben und Putzen<\/span><\/span><\/a> <\/div> <\/div> <div class=\"rl-gallery-item\" > <div class=\"rl-gallery-item-content\"> <a href=\"https:\/\/low-speed.de\/wp-content\/uploads\/2020\/10\/014_20170625_192411-cuta.jpg\" title=\"Fertig ist der 2K-Lack. Die Streifen vorne sind vom Scheibenwaschwasser.\" data-rl_title=\"Fertig ist der 2K-Lack. Die Streifen vorne sind vom Scheibenwaschwasser.\" class=\"rl-gallery-link\" data-rl_caption=\"\" data-rel=\"lightbox-gallery-1\"><img src=\"https:\/\/low-speed.de\/wp-content\/uploads\/2020\/10\/014_20170625_192411-cuta-300x207.jpg\" width=\"300\" height=\"207\" \/><span class=\"rl-gallery-caption\"><span class=\"rl-gallery-item-title\">Fertig ist der 2K-Lack. Die Streifen vorne sind vom Scheibenwaschwasser.<\/span><\/span><\/a> <\/div> <\/div> <div class=\"rl-gallery-item\" > <div class=\"rl-gallery-item-content\"> <a href=\"https:\/\/low-speed.de\/wp-content\/uploads\/2020\/10\/015_Screenshot_2017-07-17-14-52-15.jpg\" title=\"Ein bischen spielen\" data-rl_title=\"Ein bischen spielen\" class=\"rl-gallery-link\" data-rl_caption=\"\" data-rel=\"lightbox-gallery-1\"><img src=\"https:\/\/low-speed.de\/wp-content\/uploads\/2020\/10\/015_Screenshot_2017-07-17-14-52-15-300x169.jpg\" width=\"300\" height=\"169\" \/><span class=\"rl-gallery-caption\"><span class=\"rl-gallery-item-title\">Ein bischen spielen<\/span><\/span><\/a> <\/div> <\/div> <div class=\"rl-gallery-item\" > <div class=\"rl-gallery-item-content\"> <a href=\"https:\/\/low-speed.de\/wp-content\/uploads\/2020\/10\/016_2017-07-17-15.00.57.jpg\" title=\"Erste Testfahrt\" data-rl_title=\"Erste Testfahrt\" class=\"rl-gallery-link\" data-rl_caption=\"\" data-rel=\"lightbox-gallery-1\"><img src=\"https:\/\/low-speed.de\/wp-content\/uploads\/2020\/10\/016_2017-07-17-15.00.57-300x169.jpg\" width=\"300\" height=\"169\" \/><span class=\"rl-gallery-caption\"><span class=\"rl-gallery-item-title\">Erste Testfahrt<\/span><\/span><\/a> <\/div> <\/div> <div class=\"rl-gallery-item\" > <div class=\"rl-gallery-item-content\"> <a href=\"https:\/\/low-speed.de\/wp-content\/uploads\/2020\/10\/017_20171003_181215a-scaled.jpg\" title=\"Geh\u00e4use f\u00fcr Radio, Lautsprecher, Schalter f\u00fcr Au\u00dfenbeleuchtung, Hupen usw.\" data-rl_title=\"Geh\u00e4use f\u00fcr Radio, Lautsprecher, Schalter f\u00fcr Au\u00dfenbeleuchtung, Hupen usw.\" class=\"rl-gallery-link\" data-rl_caption=\"\" data-rel=\"lightbox-gallery-1\"><img src=\"https:\/\/low-speed.de\/wp-content\/uploads\/2020\/10\/017_20171003_181215a-225x300.jpg\" width=\"225\" height=\"300\" \/><span class=\"rl-gallery-caption\"><span class=\"rl-gallery-item-title\">Geh\u00e4use f\u00fcr Radio, Lautsprecher, Schalter f\u00fcr Au\u00dfenbeleuchtung, Hupen usw.<\/span><\/span><\/a> <\/div> <\/div> <\/div> <\/div><\/code><\/p>\n\n\n\n<p><a href=\"https:\/\/low-speed.de\/en\/unser-hunk\/hunk-die-bauphase\/hunk-die-bauphase-koffer\/\">Koffer<\/a><\/p>\n\n\n\n<p><a href=\"https:\/\/low-speed.de\/en\/unser-hunk\/hunk-die-bauphase\/erste-testfahrten\/\">Erste Testfahrten<\/a><\/p>\n\n\n\n<p><a href=\"https:\/\/low-speed.de\/en\/unser-hunk\/hunk-die-bauphase\/erweiterungen\/\">Erweiterungen<\/a><\/p>","protected":false},"excerpt":{"rendered":"<p>Am Anfang war nur dieser kleine gr\u00fcne LKW mit ein paar Roststellen. Ein, zwei Wochenenden waren geplant um diese zu beseitigen, deutlich l\u00e4nger hat es gedauert. Was man auf den Bilder nicht sieht, auch an einigen Stellen am Hauptrahmen gab es Rost. Vor allem da wo die Federhalterungen angeschwei\u00dft sind. Diese wurden mit Drahtb\u00fcrste usw entrostet. Danach &#8222;Rostumwandler&#8220; f\u00fcr den letzten Rest. Dann alles wieder&#46;&#46;&#46;<\/p>","protected":false},"author":1,"featured_media":1525,"parent":1502,"menu_order":1,"comment_status":"closed","ping_status":"closed","template":"","meta":[],"_links":{"self":[{"href":"https:\/\/low-speed.de\/en\/wp-json\/wp\/v2\/pages\/1555"}],"collection":[{"href":"https:\/\/low-speed.de\/en\/wp-json\/wp\/v2\/pages"}],"about":[{"href":"https:\/\/low-speed.de\/en\/wp-json\/wp\/v2\/types\/page"}],"author":[{"embeddable":true,"href":"https:\/\/low-speed.de\/en\/wp-json\/wp\/v2\/users\/1"}],"replies":[{"embeddable":true,"href":"https:\/\/low-speed.de\/en\/wp-json\/wp\/v2\/comments?post=1555"}],"version-history":[{"count":4,"href":"https:\/\/low-speed.de\/en\/wp-json\/wp\/v2\/pages\/1555\/revisions"}],"predecessor-version":[{"id":1722,"href":"https:\/\/low-speed.de\/en\/wp-json\/wp\/v2\/pages\/1555\/revisions\/1722"}],"up":[{"embeddable":true,"href":"https:\/\/low-speed.de\/en\/wp-json\/wp\/v2\/pages\/1502"}],"wp:featuredmedia":[{"embeddable":true,"href":"https:\/\/low-speed.de\/en\/wp-json\/wp\/v2\/media\/1525"}],"wp:attachment":[{"href":"https:\/\/low-speed.de\/en\/wp-json\/wp\/v2\/media?parent=1555"}],"curies":[{"name":"wp","href":"https:\/\/api.w.org\/{rel}","templated":true}]}}