{"id":447,"date":"2020-01-07T20:22:15","date_gmt":"2020-01-07T20:22:15","guid":{"rendered":"http:\/\/low-speed.de\/?page_id=447"},"modified":"2020-08-02T20:59:54","modified_gmt":"2020-08-02T19:59:54","slug":"impressum","status":"publish","type":"page","link":"https:\/\/low-speed.de\/en\/impressum\/","title":{"rendered":"Impressum"},"content":{"rendered":"<p>Ulrich Betz und Laura Fr\u00f6ba <br>Findelwiesenstr. 13<br>90478 N\u00fcrnberg<br><br>Mobil: 016090294087  <br>Mail: <a href=\"mailto:hunk@low-speed.de\">hunk@low-speed.de<\/a><\/p>\n\n\n\n<h4>Verantwortlich f\u00fcr den Inhalt<\/h4>\n\n\n\n<p>Ulrich Betz und Laura Fr\u00f6ba<\/p>\n\n\n\n<h4>Konzeption &#8211; Layout &amp; Design &#8211; Programmierung<\/h4>\n\n\n\n<p>Ulrich Betz und Laura Fr\u00f6ba<\/p>\n\n\n\n<h4>Copyright-Hinweise<\/h4>\n\n\n\n<p>Das Copyright \u00a9 aller Seiten liegt bei low-speed. Die Verwendung von Bildern\/Logos und Texten erfordert  dessen ausdr\u00fcckliche Genehmigung! Alle auf meinen Seiten verwendeten  Logos, Warenzeichen diverser Anbieter unterliegen jeweils deren  Copyright.<\/p>\n\n\n\n<h4>Haftungsausschluss<\/h4>\n\n\n\n<p>Trotz sorgf\u00e4ltiger inhaltlicher \nKontrolle \u00fcbernehme ich keine Haftung f\u00fcr die Inhalte externer Links. \nF\u00fcr den Inhalt der verlinkten Seiten sind ausschlie\u00dflich deren Betreiber\n verantwortlich.<\/p>\n\n\n\n<h4>Inhalt der Internetseite<\/h4>\n\n\n\n<p>Der Autor \u00fcbernimmt keinerlei Gew\u00e4hr f\u00fcr\n die Aktualit\u00e4t, Korrektheit, Vollst\u00e4ndigkeit oder Qualit\u00e4t der \nbereitgestellten Informationen. Haftungsanspr\u00fcche gegen den Autor, \nwelche sich auf Sch\u00e4den materieller oder ideeller Art beziehen, die \ndurch die Nutzung oder Nichtnutzung der dargebotenen Informationen bzw. \ndurch die Nutzung fehlerhafter und unvollst\u00e4ndiger Informationen \nverursacht wurden, sind grunds\u00e4tzlich ausgeschlossen, sofern seitens des\n Autors kein nachweislich vors\u00e4tzliches oder grob fahrl\u00e4ssiges \nVerschulden vorliegt. Alle Angebote sind freibleibend und unverbindlich.\n Der Autor beh\u00e4lt es sich ausdr\u00fccklich vor, Teile der Seiten oder das \ngesamte Angebot ohne gesonderte Ank\u00fcndigung zu ver\u00e4ndern, zu erg\u00e4nzen, \nzu l\u00f6schen oder die Ver\u00f6ffentlichung zeitweise oder endg\u00fcltig \neinzustellen.<\/p>\n\n\n\n<h4><br>Verweise und Links<\/h4>\n\n\n\n<p>Bei direkten oder indirekten Verweisen \nauf fremde Internetseiten (&#8222;Links&#8220;), die au\u00dferhalb des \nVerantwortungsbereiches des Autors liegen, w\u00fcrde eine \nHaftungsverpflichtung ausschlie\u00dflich in dem Fall in Kraft treten, in dem\n der Autor von den Inhalten Kenntnis hat und es ihm technisch m\u00f6glich \nund zumutbar w\u00e4re, die Nutzung im Falle rechtswidriger Inhalte zu \nverhindern. Der Autor erkl\u00e4rt hiermit ausdr\u00fccklich, dass zum Zeitpunkt \nder Linksetzung keine illegalen Inhalte auf den zu verlinkenden Seiten \nerkennbar waren. Auf die aktuelle und zuk\u00fcnftige Gestaltung, die Inhalte\n oder die Urheberschaft der gelinkten\/verkn\u00fcpften Seiten hat der Autor \nkeinerlei Einfluss. Deshalb distanziert er sich hiermit ausdr\u00fccklich von\n allen Inhalten aller gelinkten\/verkn\u00fcpften Seiten, die nach der \nLinksetzung ver\u00e4ndert wurden. Diese Feststellung gilt f\u00fcr alle innerhalb\n des eigenen Internetangebotes gesetzten Links und Verweise. F\u00fcr \nillegale, fehlerhafte oder unvollst\u00e4ndige Inhalte und insbesondere f\u00fcr \nSch\u00e4den, die aus der Nutzung oder Nichtnutzung solcherart dargebotener \nInformationen entstehen, haftet allein der Anbieter der Seite, auf \nwelche verwiesen wurde, nicht derjenige, der \u00fcber Links auf die \njeweilige Ver\u00f6ffentlichung lediglich verweist.<\/p>\n\n\n\n<h4><br>Urheber- und Kennzeichenrecht<\/h4>\n\n\n\n<p>Der Autor ist bestrebt, in allen \nPublikationen die Urheberrechte der verwendeten Grafiken, Tondokumente, \nVideosequenzen und Texte zu beachten, von ihm selbst erstellte Grafiken,\n Tondokumente, Videosequenzen und Texte zu nutzen oder auf lizenzfreie \nGrafiken, Tondokumente, Videosequenzen und Texte zur\u00fcckzugreifen. Alle \ninnerhalb des Internetangebotes genannten und ggf. durch Dritte \ngesch\u00fctzten Marken- und Warenzeichen unterliegen uneingeschr\u00e4nkt den \nBestimmungen des jeweils g\u00fcltigen Kennzeichenrechts und den \nBesitzrechten der jeweiligen eingetragenen Eigent\u00fcmer. Allein aufgrund \nder blo\u00dfen Nennung ist nicht der Schluss zu ziehen, dass Markenzeichen \nnicht durch Rechte Dritter gesch\u00fctzt sind! Das Copyright f\u00fcr \nver\u00f6ffentlichte, vom Autor selbst erstellte Objekte, bleibt allein beim \nAutor der Seiten. Eine Vervielf\u00e4ltigung oder Verwendung solcher \nGrafiken, Tondokumente, Videosequenzen und Texte in anderen \nelektronischen oder gedruckten Publikationen ist ohne ausdr\u00fcckliche \nZustimmung des Autors nicht gestattet.<\/p>\n\n\n\n<h4>Datenschutz<\/h4>\n\n\n\n<p>Siehe <a href=\"https:\/\/low-speed.de\/en\/datenschutzerklaerung\/\">Datenschutzerkl\u00e4rung<\/a><\/p>\n\n\n\n<h4>Rechtswirksamkeit dieses Haftungsausschlusses<\/h4>\n\n\n\n<p>Dieser Haftungsausschluss ist als Teil \ndes Internetangebotes zu betrachten, von dem aus auf diese Seite \nverwiesen wurde. Sofern Teile oder einzelne Formulierungen dieses Textes\n der geltenden Rechtslage nicht, nicht mehr oder nicht vollst\u00e4ndig \nentsprechen sollten, bleiben die \u00fcbrigen Teile des Dokumentes in ihrem \nInhalt und ihrer G\u00fcltigkeit davon unber\u00fchrt.<\/p>","protected":false},"excerpt":{"rendered":"<p>Ulrich Betz und Laura Fr\u00f6ba Findelwiesenstr. 1390478 N\u00fcrnberg Mobil: 016090294087 Mail: hunk@low-speed.de Verantwortlich f\u00fcr den Inhalt Ulrich Betz und Laura Fr\u00f6ba Konzeption &#8211; Layout &amp; Design &#8211; Programmierung Ulrich Betz und Laura Fr\u00f6ba Copyright-Hinweise Das Copyright \u00a9 aller Seiten liegt bei low-speed. Die Verwendung von Bildern\/Logos und Texten erfordert dessen ausdr\u00fcckliche Genehmigung! Alle auf meinen Seiten verwendeten Logos, Warenzeichen diverser Anbieter unterliegen jeweils deren Copyright.&#46;&#46;&#46;<\/p>","protected":false},"author":2,"featured_media":0,"parent":0,"menu_order":0,"comment_status":"closed","ping_status":"closed","template":"","meta":[],"_links":{"self":[{"href":"https:\/\/low-speed.de\/en\/wp-json\/wp\/v2\/pages\/447"}],"collection":[{"href":"https:\/\/low-speed.de\/en\/wp-json\/wp\/v2\/pages"}],"about":[{"href":"https:\/\/low-speed.de\/en\/wp-json\/wp\/v2\/types\/page"}],"author":[{"embeddable":true,"href":"https:\/\/low-speed.de\/en\/wp-json\/wp\/v2\/users\/2"}],"replies":[{"embeddable":true,"href":"https:\/\/low-speed.de\/en\/wp-json\/wp\/v2\/comments?post=447"}],"version-history":[{"count":14,"href":"https:\/\/low-speed.de\/en\/wp-json\/wp\/v2\/pages\/447\/revisions"}],"predecessor-version":[{"id":880,"href":"https:\/\/low-speed.de\/en\/wp-json\/wp\/v2\/pages\/447\/revisions\/880"}],"wp:attachment":[{"href":"https:\/\/low-speed.de\/en\/wp-json\/wp\/v2\/media?parent=447"}],"curies":[{"name":"wp","href":"https:\/\/api.w.org\/{rel}","templated":true}]}}